{"id":7373,"date":"2024-06-27T18:18:38","date_gmt":"2024-06-27T16:18:38","guid":{"rendered":"https:\/\/mailingr.com\/?page_id=7373"},"modified":"2024-06-27T18:21:08","modified_gmt":"2024-06-27T16:21:08","slug":"platforma","status":"publish","type":"page","link":"https:\/\/mailingr.com\/pl\/platforma\/","title":{"rendered":"Twoja platforma do kurs\u00f3w online"},"content":{"rendered":"\t\t<div data-elementor-type=\"wp-page\" data-elementor-id=\"7373\" class=\"elementor elementor-7373\" data-elementor-settings=\"{&quot;ha_cmc_init_switcher&quot;:&quot;no&quot;}\" data-elementor-post-type=\"page\">\n\t\t\t\t\t\t<section class=\"elementor-section elementor-top-section elementor-element elementor-element-3c2269b elementor-section-boxed elementor-section-height-default elementor-section-height-default\" data-id=\"3c2269b\" data-element_type=\"section\" data-e-type=\"section\" data-settings=\"{&quot;_ha_eqh_enable&quot;:false}\">\n\t\t\t\t\t\t<div class=\"elementor-container elementor-column-gap-default\">\n\t\t\t\t\t<div class=\"elementor-column elementor-col-100 elementor-top-column elementor-element elementor-element-a37d972\" data-id=\"a37d972\" data-element_type=\"column\" data-e-type=\"column\">\n\t\t\t<div class=\"elementor-widget-wrap elementor-element-populated\">\n\t\t\t\t\t\t<div class=\"elementor-element elementor-element-950c904 elementor-widget elementor-widget-vt-saashub_section_title\" data-id=\"950c904\" data-element_type=\"widget\" data-e-type=\"widget\" data-settings=\"{&quot;title_image&quot;:{&quot;url&quot;:&quot;https:\\\/\\\/victorthemes.com\\\/themes\\\/saashub\\\/wp-content\\\/uploads\\\/2019\\\/02\\\/title-separator.png&quot;,&quot;id&quot;:3578,&quot;size&quot;:&quot;&quot;}}\" data-widget_type=\"vt-saashub_section_title.default\">\n\t\t\t\t<div class=\"elementor-widget-container\">\n\t\t\t\t\t<div class=\"section-title-wrap\"><div class=\"sahub-icon\"><img decoding=\"async\" src=\"https:\/\/mailingr.com\/wp-content\/uploads\/2019\/02\/title-separator.png\" alt=\"Icon\"><\/div><h2 class=\"section-title\">Jak dzia\u0142a i wygl\u0105da platforma dla klient\u00f3w?<\/h2><p>Zobacz jak b\u0119dzie wygl\u0105da\u0142a Twoja platforma z produktami cyfrowymi.<\/p><\/div>\t\t\t\t<\/div>\n\t\t\t\t<\/div>\n\t\t\t\t<div class=\"elementor-element elementor-element-8456dbc elementor-widget elementor-widget-video\" data-id=\"8456dbc\" data-element_type=\"widget\" data-e-type=\"widget\" data-settings=\"{&quot;youtube_url&quot;:&quot;https:\\\/\\\/www.youtube.com\\\/watch?v=q5HmB44-hIU&quot;,&quot;video_type&quot;:&quot;youtube&quot;,&quot;controls&quot;:&quot;yes&quot;}\" data-widget_type=\"video.default\">\n\t\t\t\t<div class=\"elementor-widget-container\">\n\t\t\t\t\t\t\t<div class=\"elementor-wrapper elementor-open-inline\">\n\t\t\t<div class=\"elementor-video\"><\/div>\t\t<\/div>\n\t\t\t\t\t\t<\/div>\n\t\t\t\t<\/div>\n\t\t\t\t\t<\/div>\n\t\t<\/div>\n\t\t\t\t\t<\/div>\n\t\t<\/section>\n\t\t\t\t<section class=\"elementor-section elementor-top-section elementor-element elementor-element-9c347a3 elementor-section-stretched elementor-section-boxed elementor-section-height-default elementor-section-height-default\" data-id=\"9c347a3\" data-element_type=\"section\" data-e-type=\"section\" data-settings=\"{&quot;stretch_section&quot;:&quot;section-stretched&quot;,&quot;background_background&quot;:&quot;classic&quot;,&quot;_ha_eqh_enable&quot;:false}\">\n\t\t\t\t\t\t<div class=\"elementor-container elementor-column-gap-default\">\n\t\t\t\t\t<div class=\"elementor-column elementor-col-100 elementor-top-column elementor-element elementor-element-6e6516d\" data-id=\"6e6516d\" data-element_type=\"column\" data-e-type=\"column\">\n\t\t\t<div class=\"elementor-widget-wrap elementor-element-populated\">\n\t\t\t\t\t\t<div class=\"elementor-element elementor-element-73ca0f0 elementor-widget elementor-widget-heading\" data-id=\"73ca0f0\" data-element_type=\"widget\" data-e-type=\"widget\" data-widget_type=\"heading.default\">\n\t\t\t\t<div class=\"elementor-widget-container\">\n\t\t\t\t\t<h2 class=\"elementor-heading-title elementor-size-default\">Zbuduj swoj\u0105 platform\u0119 dla produkt\u00f3w cyfrowych.<\/h2>\t\t\t\t<\/div>\n\t\t\t\t<\/div>\n\t\t\t\t<div class=\"elementor-element elementor-element-75b27c6 elementor-widget elementor-widget-heading\" data-id=\"75b27c6\" data-element_type=\"widget\" data-e-type=\"widget\" data-widget_type=\"heading.default\">\n\t\t\t\t<div class=\"elementor-widget-container\">\n\t\t\t\t\t<h2 class=\"elementor-heading-title elementor-size-default\">Zacznij za darmo teraz!<\/h2>\t\t\t\t<\/div>\n\t\t\t\t<\/div>\n\t\t\t\t<div class=\"elementor-element elementor-element-88912a3 elementor-widget elementor-widget-vt-saashub_button\" data-id=\"88912a3\" data-element_type=\"widget\" data-e-type=\"widget\" data-settings=\"{&quot;btn_icon&quot;:&quot;fa fa-long-arrow-right&quot;}\" data-widget_type=\"vt-saashub_button.default\">\n\t\t\t\t<div class=\"elementor-widget-container\">\n\t\t\t\t\t<div class=\"sahub-btn-wrap\"><a href=\"https:\/\/app.mailingr.com\/auth\/register\"   class=\"sahub-btn hvr-none\"><i class=\"fa fa-long-arrow-right\" aria-hidden=\"true\"><\/i> Przetestuj za darmo<\/a><\/div>\t\t\t\t<\/div>\n\t\t\t\t<\/div>\n\t\t\t\t\t<\/div>\n\t\t<\/div>\n\t\t\t\t\t<\/div>\n\t\t<\/section>\n\t\t\t\t<\/div>\n\t\t","protected":false},"excerpt":{"rendered":"Jak dzia\u0142a i wygl\u0105da platforma dla klient\u00f3w? Zobacz jak b\u0119dzie wygl\u0105da\u0142a Twoja platforma z produktami cyfrowymi. Zbuduj swoj\u0105 platform\u0119 dla produkt\u00f3w cyfrowych. Zacznij za darmo teraz! Przetestuj za darmo","protected":false},"author":1,"featured_media":0,"parent":0,"menu_order":0,"comment_status":"closed","ping_status":"closed","template":"","meta":{"footnotes":""},"class_list":["post-7373","page","type-page","status-publish","hentry"],"yoast_head":"<!-- This site is optimized with the Yoast SEO plugin v27.5 - https:\/\/yoast.com\/product\/yoast-seo-wordpress\/ -->\n<title>Twoja platforma do kurs\u00f3w online - MailingR<\/title>\n<meta name=\"robots\" content=\"noindex, follow, max-snippet:-1, max-image-preview:large, max-video-preview:-1\" \/>\n<meta property=\"og:locale\" content=\"pl_PL\" \/>\n<meta property=\"og:type\" content=\"article\" \/>\n<meta property=\"og:title\" content=\"Twoja platforma do kurs\u00f3w online - MailingR\" \/>\n<meta property=\"og:description\" content=\"Jak dzia\u0142a i wygl\u0105da platforma dla klient\u00f3w? Zobacz jak b\u0119dzie wygl\u0105da\u0142a Twoja platforma z produktami cyfrowymi. Zbuduj swoj\u0105 platform\u0119 dla produkt\u00f3w cyfrowych. Zacznij za darmo teraz! Przetestuj za darmo\" \/>\n<meta property=\"og:url\" content=\"https:\/\/mailingr.com\/pl\/platforma\/\" \/>\n<meta property=\"og:site_name\" content=\"MailingR\" \/>\n<meta property=\"article:modified_time\" content=\"2024-06-27T16:21:08+00:00\" \/>\n<meta property=\"og:image\" content=\"https:\/\/mailingr.com\/wp-content\/uploads\/2019\/02\/title-separator.png\" \/>\n<meta name=\"twitter:card\" content=\"summary_large_image\" \/>\n<meta name=\"twitter:label1\" content=\"Szacowany czas czytania\" \/>\n\t<meta name=\"twitter:data1\" content=\"1 minuta\" \/>\n<script type=\"application\/ld+json\" class=\"yoast-schema-graph\">{\"@context\":\"https:\\\/\\\/schema.org\",\"@graph\":[{\"@type\":\"WebPage\",\"@id\":\"https:\\\/\\\/mailingr.com\\\/pl\\\/platforma\\\/\",\"url\":\"https:\\\/\\\/mailingr.com\\\/pl\\\/platforma\\\/\",\"name\":\"Twoja platforma do kurs\u00f3w online - MailingR\",\"isPartOf\":{\"@id\":\"https:\\\/\\\/mailingr.com\\\/#website\"},\"primaryImageOfPage\":{\"@id\":\"https:\\\/\\\/mailingr.com\\\/pl\\\/platforma\\\/#primaryimage\"},\"image\":{\"@id\":\"https:\\\/\\\/mailingr.com\\\/pl\\\/platforma\\\/#primaryimage\"},\"thumbnailUrl\":\"https:\\\/\\\/mailingr.com\\\/wp-content\\\/uploads\\\/2019\\\/02\\\/title-separator.png\",\"datePublished\":\"2024-06-27T16:18:38+00:00\",\"dateModified\":\"2024-06-27T16:21:08+00:00\",\"breadcrumb\":{\"@id\":\"https:\\\/\\\/mailingr.com\\\/pl\\\/platforma\\\/#breadcrumb\"},\"inLanguage\":\"pl-PL\",\"potentialAction\":[{\"@type\":\"ReadAction\",\"target\":[\"https:\\\/\\\/mailingr.com\\\/pl\\\/platforma\\\/\"]}]},{\"@type\":\"ImageObject\",\"inLanguage\":\"pl-PL\",\"@id\":\"https:\\\/\\\/mailingr.com\\\/pl\\\/platforma\\\/#primaryimage\",\"url\":\"https:\\\/\\\/mailingr.com\\\/wp-content\\\/uploads\\\/2019\\\/02\\\/title-separator.png\",\"contentUrl\":\"https:\\\/\\\/mailingr.com\\\/wp-content\\\/uploads\\\/2019\\\/02\\\/title-separator.png\"},{\"@type\":\"BreadcrumbList\",\"@id\":\"https:\\\/\\\/mailingr.com\\\/pl\\\/platforma\\\/#breadcrumb\",\"itemListElement\":[{\"@type\":\"ListItem\",\"position\":1,\"name\":\"Home\",\"item\":\"https:\\\/\\\/mailingr.com\\\/\"},{\"@type\":\"ListItem\",\"position\":2,\"name\":\"Twoja platforma do kurs\u00f3w online\"}]},{\"@type\":\"WebSite\",\"@id\":\"https:\\\/\\\/mailingr.com\\\/#website\",\"url\":\"https:\\\/\\\/mailingr.com\\\/\",\"name\":\"MailingR\",\"description\":\"Uruchom sw&oacute;j pierwszy p\u0142atny mailing\",\"potentialAction\":[{\"@type\":\"SearchAction\",\"target\":{\"@type\":\"EntryPoint\",\"urlTemplate\":\"https:\\\/\\\/mailingr.com\\\/?s={search_term_string}\"},\"query-input\":{\"@type\":\"PropertyValueSpecification\",\"valueRequired\":true,\"valueName\":\"search_term_string\"}}],\"inLanguage\":\"pl-PL\"}]}<\/script>\n<!-- \/ Yoast SEO plugin. -->","yoast_head_json":{"title":"Twoja platforma do kurs\u00f3w online - MailingR","robots":{"index":"noindex","follow":"follow","max-snippet":"max-snippet:-1","max-image-preview":"max-image-preview:large","max-video-preview":"max-video-preview:-1"},"og_locale":"pl_PL","og_type":"article","og_title":"Twoja platforma do kurs\u00f3w online - MailingR","og_description":"Jak dzia\u0142a i wygl\u0105da platforma dla klient\u00f3w? Zobacz jak b\u0119dzie wygl\u0105da\u0142a Twoja platforma z produktami cyfrowymi. Zbuduj swoj\u0105 platform\u0119 dla produkt\u00f3w cyfrowych. Zacznij za darmo teraz! Przetestuj za darmo","og_url":"https:\/\/mailingr.com\/pl\/platforma\/","og_site_name":"MailingR","article_modified_time":"2024-06-27T16:21:08+00:00","og_image":[{"url":"https:\/\/mailingr.com\/wp-content\/uploads\/2019\/02\/title-separator.png","type":"","width":"","height":""}],"twitter_card":"summary_large_image","twitter_misc":{"Szacowany czas czytania":"1 minuta"},"schema":{"@context":"https:\/\/schema.org","@graph":[{"@type":"WebPage","@id":"https:\/\/mailingr.com\/pl\/platforma\/","url":"https:\/\/mailingr.com\/pl\/platforma\/","name":"Twoja platforma do kurs\u00f3w online - MailingR","isPartOf":{"@id":"https:\/\/mailingr.com\/#website"},"primaryImageOfPage":{"@id":"https:\/\/mailingr.com\/pl\/platforma\/#primaryimage"},"image":{"@id":"https:\/\/mailingr.com\/pl\/platforma\/#primaryimage"},"thumbnailUrl":"https:\/\/mailingr.com\/wp-content\/uploads\/2019\/02\/title-separator.png","datePublished":"2024-06-27T16:18:38+00:00","dateModified":"2024-06-27T16:21:08+00:00","breadcrumb":{"@id":"https:\/\/mailingr.com\/pl\/platforma\/#breadcrumb"},"inLanguage":"pl-PL","potentialAction":[{"@type":"ReadAction","target":["https:\/\/mailingr.com\/pl\/platforma\/"]}]},{"@type":"ImageObject","inLanguage":"pl-PL","@id":"https:\/\/mailingr.com\/pl\/platforma\/#primaryimage","url":"https:\/\/mailingr.com\/wp-content\/uploads\/2019\/02\/title-separator.png","contentUrl":"https:\/\/mailingr.com\/wp-content\/uploads\/2019\/02\/title-separator.png"},{"@type":"BreadcrumbList","@id":"https:\/\/mailingr.com\/pl\/platforma\/#breadcrumb","itemListElement":[{"@type":"ListItem","position":1,"name":"Home","item":"https:\/\/mailingr.com\/"},{"@type":"ListItem","position":2,"name":"Twoja platforma do kurs\u00f3w online"}]},{"@type":"WebSite","@id":"https:\/\/mailingr.com\/#website","url":"https:\/\/mailingr.com\/","name":"MailingR","description":"Uruchom sw&oacute;j pierwszy p\u0142atny mailing","potentialAction":[{"@type":"SearchAction","target":{"@type":"EntryPoint","urlTemplate":"https:\/\/mailingr.com\/?s={search_term_string}"},"query-input":{"@type":"PropertyValueSpecification","valueRequired":true,"valueName":"search_term_string"}}],"inLanguage":"pl-PL"}]}},"_links":{"self":[{"href":"https:\/\/mailingr.com\/pl\/wp-json\/wp\/v2\/pages\/7373","targetHints":{"allow":["GET"]}}],"collection":[{"href":"https:\/\/mailingr.com\/pl\/wp-json\/wp\/v2\/pages"}],"about":[{"href":"https:\/\/mailingr.com\/pl\/wp-json\/wp\/v2\/types\/page"}],"author":[{"embeddable":true,"href":"https:\/\/mailingr.com\/pl\/wp-json\/wp\/v2\/users\/1"}],"replies":[{"embeddable":true,"href":"https:\/\/mailingr.com\/pl\/wp-json\/wp\/v2\/comments?post=7373"}],"version-history":[{"count":4,"href":"https:\/\/mailingr.com\/pl\/wp-json\/wp\/v2\/pages\/7373\/revisions"}],"predecessor-version":[{"id":7378,"href":"https:\/\/mailingr.com\/pl\/wp-json\/wp\/v2\/pages\/7373\/revisions\/7378"}],"wp:attachment":[{"href":"https:\/\/mailingr.com\/pl\/wp-json\/wp\/v2\/media?parent=7373"}],"curies":[{"name":"wp","href":"https:\/\/api.w.org\/{rel}","templated":true}]}}