{"id":7122,"date":"2024-03-28T13:53:33","date_gmt":"2024-03-28T11:53:33","guid":{"rendered":"https:\/\/mailingr.com\/?page_id=7122"},"modified":"2024-04-03T21:16:01","modified_gmt":"2024-04-03T19:16:01","slug":"akademia","status":"publish","type":"page","link":"https:\/\/mailingr.com\/pl\/akademia\/","title":{"rendered":"Akademia"},"content":{"rendered":"\t\t<div data-elementor-type=\"wp-page\" data-elementor-id=\"7122\" class=\"elementor elementor-7122\" data-elementor-settings=\"{&quot;ha_cmc_init_switcher&quot;:&quot;no&quot;}\" data-elementor-post-type=\"page\">\n\t\t\t\t\t\t<section class=\"elementor-section elementor-top-section elementor-element elementor-element-d0ffec0 elementor-section-boxed elementor-section-height-default elementor-section-height-default\" data-id=\"d0ffec0\" data-element_type=\"section\" data-e-type=\"section\" data-settings=\"{&quot;_ha_eqh_enable&quot;:false}\">\n\t\t\t\t\t\t<div class=\"elementor-container elementor-column-gap-default\">\n\t\t\t\t\t<div class=\"elementor-column elementor-col-100 elementor-top-column elementor-element elementor-element-6485388\" data-id=\"6485388\" data-element_type=\"column\" data-e-type=\"column\">\n\t\t\t<div class=\"elementor-widget-wrap elementor-element-populated\">\n\t\t\t\t\t\t<div class=\"elementor-element elementor-element-9704272 elementor-hidden-desktop elementor-hidden-tablet elementor-hidden-mobile elementor-widget elementor-widget-vt-saashub_section_title\" data-id=\"9704272\" data-element_type=\"widget\" data-e-type=\"widget\" data-settings=\"{&quot;title_image&quot;:{&quot;url&quot;:&quot;https:\\\/\\\/victorthemes.com\\\/themes\\\/saashub\\\/wp-content\\\/uploads\\\/2019\\\/02\\\/title-separator.png&quot;,&quot;id&quot;:3578,&quot;size&quot;:&quot;&quot;}}\" data-widget_type=\"vt-saashub_section_title.default\">\n\t\t\t\t<div class=\"elementor-widget-container\">\n\t\t\t\t\t<div class=\"section-title-wrap\"><div class=\"sahub-icon\"><img decoding=\"async\" src=\"https:\/\/mailingr.com\/wp-content\/uploads\/2019\/02\/title-separator.png\" alt=\"Icon\"><\/div><h2 class=\"section-title\">Akademia MailingR<\/h2><p>Akademia MailingR to w 100% darmowa szko\u0142a budowania biznesu online oraz zaanga\u017cowana spo\u0142eczno\u015bci i grupa wsparcia dla tw\u00f3rc\u00f3w online na ka\u017cdym etapie rozwoju.<\/p><\/div>\t\t\t\t<\/div>\n\t\t\t\t<\/div>\n\t\t\t\t<div class=\"elementor-element elementor-element-100063e elementor-widget__width-initial elementor-widget elementor-widget-html\" data-id=\"100063e\" data-element_type=\"widget\" data-e-type=\"widget\" data-widget_type=\"html.default\">\n\t\t\t\t<div class=\"elementor-widget-container\">\n\t\t\t\t\t<center>\n<iframe id=\"mailingr\" frameBorder=\"0\" src=\"https:\/\/mailingr.co\/embed\/prod_gB1eW2KIPFy2Ff\"><\/iframe>\n<\/center>\n\n<script src=\"https:\/\/mailingr.co\/mailingr-1.0.min.js\"><\/script>\t\t\t\t<\/div>\n\t\t\t\t<\/div>\n\t\t\t\t\t<\/div>\n\t\t<\/div>\n\t\t\t\t\t<\/div>\n\t\t<\/section>\n\t\t\t\t<section class=\"elementor-section elementor-top-section elementor-element elementor-element-4c53001 elementor-section-boxed elementor-section-height-default elementor-section-height-default\" data-id=\"4c53001\" data-element_type=\"section\" data-e-type=\"section\" data-settings=\"{&quot;_ha_eqh_enable&quot;:false}\">\n\t\t\t\t\t\t<div class=\"elementor-container elementor-column-gap-default\">\n\t\t\t\t\t<div class=\"elementor-column elementor-col-100 elementor-top-column elementor-element elementor-element-425f2bb\" data-id=\"425f2bb\" data-element_type=\"column\" data-e-type=\"column\">\n\t\t\t<div class=\"elementor-widget-wrap elementor-element-populated\">\n\t\t\t\t\t\t<div class=\"elementor-element elementor-element-4672686 elementor-widget elementor-widget-image\" data-id=\"4672686\" data-element_type=\"widget\" data-e-type=\"widget\" data-widget_type=\"image.default\">\n\t\t\t\t<div class=\"elementor-widget-container\">\n\t\t\t\t\t\t\t\t\t\t\t\t\t\t\t<img fetchpriority=\"high\" decoding=\"async\" width=\"1024\" height=\"898\" src=\"https:\/\/mailingr.com\/wp-content\/uploads\/2024\/04\/Screenshot_119-1024x898.png\" class=\"attachment-large size-large wp-image-7146\" alt=\"\" srcset=\"https:\/\/mailingr.com\/wp-content\/uploads\/2024\/04\/Screenshot_119-1024x898.png 1024w, https:\/\/mailingr.com\/wp-content\/uploads\/2024\/04\/Screenshot_119-300x263.png 300w, https:\/\/mailingr.com\/wp-content\/uploads\/2024\/04\/Screenshot_119-768x674.png 768w, https:\/\/mailingr.com\/wp-content\/uploads\/2024\/04\/Screenshot_119.png 1248w\" sizes=\"(max-width: 1024px) 100vw, 1024px\" \/>\t\t\t\t\t\t\t\t\t\t\t\t\t\t\t<\/div>\n\t\t\t\t<\/div>\n\t\t\t\t\t<\/div>\n\t\t<\/div>\n\t\t\t\t\t<\/div>\n\t\t<\/section>\n\t\t\t\t<\/div>\n\t\t","protected":false},"excerpt":{"rendered":"Akademia MailingR Akademia MailingR to w 100% darmowa szko\u0142a budowania biznesu online oraz zaanga\u017cowana spo\u0142eczno\u015bci i grupa wsparcia dla tw\u00f3rc\u00f3w online na ka\u017cdym etapie rozwoju.","protected":false},"author":1,"featured_media":0,"parent":0,"menu_order":0,"comment_status":"closed","ping_status":"closed","template":"","meta":{"footnotes":""},"class_list":["post-7122","page","type-page","status-publish","hentry"],"yoast_head":"<!-- This site is optimized with the Yoast SEO plugin v27.5 - https:\/\/yoast.com\/product\/yoast-seo-wordpress\/ -->\n<title>Akademia - MailingR<\/title>\n<meta name=\"robots\" content=\"noindex, follow, max-snippet:-1, max-image-preview:large, max-video-preview:-1\" \/>\n<meta property=\"og:locale\" content=\"pl_PL\" \/>\n<meta property=\"og:type\" content=\"article\" \/>\n<meta property=\"og:title\" content=\"Akademia - MailingR\" \/>\n<meta property=\"og:description\" content=\"Akademia MailingR Akademia MailingR to w 100% darmowa szko\u0142a budowania biznesu online oraz zaanga\u017cowana spo\u0142eczno\u015bci i grupa wsparcia dla tw\u00f3rc\u00f3w online na ka\u017cdym etapie rozwoju.\" \/>\n<meta property=\"og:url\" content=\"https:\/\/mailingr.com\/pl\/akademia\/\" \/>\n<meta property=\"og:site_name\" content=\"MailingR\" \/>\n<meta property=\"article:modified_time\" content=\"2024-04-03T19:16:01+00:00\" \/>\n<meta property=\"og:image\" content=\"https:\/\/mailingr.com\/wp-content\/uploads\/2019\/02\/title-separator.png\" \/>\n<meta name=\"twitter:card\" content=\"summary_large_image\" \/>\n<meta name=\"twitter:label1\" content=\"Szacowany czas czytania\" \/>\n\t<meta name=\"twitter:data1\" content=\"1 minuta\" \/>\n<script type=\"application\/ld+json\" class=\"yoast-schema-graph\">{\"@context\":\"https:\\\/\\\/schema.org\",\"@graph\":[{\"@type\":\"WebPage\",\"@id\":\"https:\\\/\\\/mailingr.com\\\/pl\\\/akademia\\\/\",\"url\":\"https:\\\/\\\/mailingr.com\\\/pl\\\/akademia\\\/\",\"name\":\"Akademia - MailingR\",\"isPartOf\":{\"@id\":\"https:\\\/\\\/mailingr.com\\\/#website\"},\"primaryImageOfPage\":{\"@id\":\"https:\\\/\\\/mailingr.com\\\/pl\\\/akademia\\\/#primaryimage\"},\"image\":{\"@id\":\"https:\\\/\\\/mailingr.com\\\/pl\\\/akademia\\\/#primaryimage\"},\"thumbnailUrl\":\"https:\\\/\\\/mailingr.com\\\/wp-content\\\/uploads\\\/2019\\\/02\\\/title-separator.png\",\"datePublished\":\"2024-03-28T11:53:33+00:00\",\"dateModified\":\"2024-04-03T19:16:01+00:00\",\"breadcrumb\":{\"@id\":\"https:\\\/\\\/mailingr.com\\\/pl\\\/akademia\\\/#breadcrumb\"},\"inLanguage\":\"pl-PL\",\"potentialAction\":[{\"@type\":\"ReadAction\",\"target\":[\"https:\\\/\\\/mailingr.com\\\/pl\\\/akademia\\\/\"]}]},{\"@type\":\"ImageObject\",\"inLanguage\":\"pl-PL\",\"@id\":\"https:\\\/\\\/mailingr.com\\\/pl\\\/akademia\\\/#primaryimage\",\"url\":\"https:\\\/\\\/mailingr.com\\\/wp-content\\\/uploads\\\/2019\\\/02\\\/title-separator.png\",\"contentUrl\":\"https:\\\/\\\/mailingr.com\\\/wp-content\\\/uploads\\\/2019\\\/02\\\/title-separator.png\"},{\"@type\":\"BreadcrumbList\",\"@id\":\"https:\\\/\\\/mailingr.com\\\/pl\\\/akademia\\\/#breadcrumb\",\"itemListElement\":[{\"@type\":\"ListItem\",\"position\":1,\"name\":\"Home\",\"item\":\"https:\\\/\\\/mailingr.com\\\/\"},{\"@type\":\"ListItem\",\"position\":2,\"name\":\"Akademia\"}]},{\"@type\":\"WebSite\",\"@id\":\"https:\\\/\\\/mailingr.com\\\/#website\",\"url\":\"https:\\\/\\\/mailingr.com\\\/\",\"name\":\"MailingR\",\"description\":\"Uruchom sw&oacute;j pierwszy p\u0142atny mailing\",\"potentialAction\":[{\"@type\":\"SearchAction\",\"target\":{\"@type\":\"EntryPoint\",\"urlTemplate\":\"https:\\\/\\\/mailingr.com\\\/?s={search_term_string}\"},\"query-input\":{\"@type\":\"PropertyValueSpecification\",\"valueRequired\":true,\"valueName\":\"search_term_string\"}}],\"inLanguage\":\"pl-PL\"}]}<\/script>\n<!-- \/ Yoast SEO plugin. -->","yoast_head_json":{"title":"Akademia - MailingR","robots":{"index":"noindex","follow":"follow","max-snippet":"max-snippet:-1","max-image-preview":"max-image-preview:large","max-video-preview":"max-video-preview:-1"},"og_locale":"pl_PL","og_type":"article","og_title":"Akademia - MailingR","og_description":"Akademia MailingR Akademia MailingR to w 100% darmowa szko\u0142a budowania biznesu online oraz zaanga\u017cowana spo\u0142eczno\u015bci i grupa wsparcia dla tw\u00f3rc\u00f3w online na ka\u017cdym etapie rozwoju.","og_url":"https:\/\/mailingr.com\/pl\/akademia\/","og_site_name":"MailingR","article_modified_time":"2024-04-03T19:16:01+00:00","og_image":[{"url":"https:\/\/mailingr.com\/wp-content\/uploads\/2019\/02\/title-separator.png","type":"","width":"","height":""}],"twitter_card":"summary_large_image","twitter_misc":{"Szacowany czas czytania":"1 minuta"},"schema":{"@context":"https:\/\/schema.org","@graph":[{"@type":"WebPage","@id":"https:\/\/mailingr.com\/pl\/akademia\/","url":"https:\/\/mailingr.com\/pl\/akademia\/","name":"Akademia - MailingR","isPartOf":{"@id":"https:\/\/mailingr.com\/#website"},"primaryImageOfPage":{"@id":"https:\/\/mailingr.com\/pl\/akademia\/#primaryimage"},"image":{"@id":"https:\/\/mailingr.com\/pl\/akademia\/#primaryimage"},"thumbnailUrl":"https:\/\/mailingr.com\/wp-content\/uploads\/2019\/02\/title-separator.png","datePublished":"2024-03-28T11:53:33+00:00","dateModified":"2024-04-03T19:16:01+00:00","breadcrumb":{"@id":"https:\/\/mailingr.com\/pl\/akademia\/#breadcrumb"},"inLanguage":"pl-PL","potentialAction":[{"@type":"ReadAction","target":["https:\/\/mailingr.com\/pl\/akademia\/"]}]},{"@type":"ImageObject","inLanguage":"pl-PL","@id":"https:\/\/mailingr.com\/pl\/akademia\/#primaryimage","url":"https:\/\/mailingr.com\/wp-content\/uploads\/2019\/02\/title-separator.png","contentUrl":"https:\/\/mailingr.com\/wp-content\/uploads\/2019\/02\/title-separator.png"},{"@type":"BreadcrumbList","@id":"https:\/\/mailingr.com\/pl\/akademia\/#breadcrumb","itemListElement":[{"@type":"ListItem","position":1,"name":"Home","item":"https:\/\/mailingr.com\/"},{"@type":"ListItem","position":2,"name":"Akademia"}]},{"@type":"WebSite","@id":"https:\/\/mailingr.com\/#website","url":"https:\/\/mailingr.com\/","name":"MailingR","description":"Uruchom sw&oacute;j pierwszy p\u0142atny mailing","potentialAction":[{"@type":"SearchAction","target":{"@type":"EntryPoint","urlTemplate":"https:\/\/mailingr.com\/?s={search_term_string}"},"query-input":{"@type":"PropertyValueSpecification","valueRequired":true,"valueName":"search_term_string"}}],"inLanguage":"pl-PL"}]}},"_links":{"self":[{"href":"https:\/\/mailingr.com\/pl\/wp-json\/wp\/v2\/pages\/7122","targetHints":{"allow":["GET"]}}],"collection":[{"href":"https:\/\/mailingr.com\/pl\/wp-json\/wp\/v2\/pages"}],"about":[{"href":"https:\/\/mailingr.com\/pl\/wp-json\/wp\/v2\/types\/page"}],"author":[{"embeddable":true,"href":"https:\/\/mailingr.com\/pl\/wp-json\/wp\/v2\/users\/1"}],"replies":[{"embeddable":true,"href":"https:\/\/mailingr.com\/pl\/wp-json\/wp\/v2\/comments?post=7122"}],"version-history":[{"count":17,"href":"https:\/\/mailingr.com\/pl\/wp-json\/wp\/v2\/pages\/7122\/revisions"}],"predecessor-version":[{"id":7159,"href":"https:\/\/mailingr.com\/pl\/wp-json\/wp\/v2\/pages\/7122\/revisions\/7159"}],"wp:attachment":[{"href":"https:\/\/mailingr.com\/pl\/wp-json\/wp\/v2\/media?parent=7122"}],"curies":[{"name":"wp","href":"https:\/\/api.w.org\/{rel}","templated":true}]}}